{"id":3556,"date":"2018-08-06T09:19:18","date_gmt":"2018-08-06T09:19:18","guid":{"rendered":"https:\/\/baustark-stahlbauhaus.de\/?page_id=3556"},"modified":"2019-04-04T12:45:44","modified_gmt":"2019-04-04T12:45:44","slug":"news","status":"publish","type":"page","link":"https:\/\/www.baustark-stahlbauhaus.de\/lan_de\/news\/","title":{"rendered":"NEWS"},"content":{"rendered":"<p>Die BAUSTARK GmbH hat sowohl Auftrag als auch die Baugenehmigung, die ersten 4 Einfamilienh\u00e4user in Stahl-Leichtbauweise auszuf\u00fchren. Mit dem Bauplatz in Nierstein wurde ein anspruchsvolles Grundst\u00fcck gefunden in dem gleich 4 Architektenh\u00e4user erstellt werden k\u00f6nnen.<br \/>\nBaubeginn soll noch Mitte September 2019 sein.<br \/>\nSind Sie interessiert am Wohnen im Eigenheim in Rheinlage?<br \/>\n<a href=\"http:\/\/www.zwischen-rhein-und-wein.de\/\" target=\"_blank\" rel=\"noopener\">www.zwischen-rhein-und-wein.de<\/a><\/p>","protected":false},"excerpt":{"rendered":"<p>Die BAUSTARK GmbH hat sowohl Auftrag als auch die Baugenehmigung, die ersten 4 Einfamilienh\u00e4user in Stahl-Leichtbauweise auszuf\u00fchren. Mit dem Bauplatz in Nierstein wurde ein anspruchsvolles Grundst\u00fcck gefunden in dem gleich 4 Architektenh\u00e4user erstellt werden k\u00f6nnen. Baubeginn soll noch Mitte September [&hellip;]<\/p>","protected":false},"author":1,"featured_media":0,"parent":0,"menu_order":0,"comment_status":"closed","ping_status":"closed","template":"news.php","meta":{"footnotes":""},"class_list":["post-3556","page","type-page","status-publish","hentry"],"_links":{"self":[{"href":"https:\/\/www.baustark-stahlbauhaus.de\/lan_de\/wp-json\/wp\/v2\/pages\/3556","targetHints":{"allow":["GET"]}}],"collection":[{"href":"https:\/\/www.baustark-stahlbauhaus.de\/lan_de\/wp-json\/wp\/v2\/pages"}],"about":[{"href":"https:\/\/www.baustark-stahlbauhaus.de\/lan_de\/wp-json\/wp\/v2\/types\/page"}],"author":[{"embeddable":true,"href":"https:\/\/www.baustark-stahlbauhaus.de\/lan_de\/wp-json\/wp\/v2\/users\/1"}],"replies":[{"embeddable":true,"href":"https:\/\/www.baustark-stahlbauhaus.de\/lan_de\/wp-json\/wp\/v2\/comments?post=3556"}],"version-history":[{"count":4,"href":"https:\/\/www.baustark-stahlbauhaus.de\/lan_de\/wp-json\/wp\/v2\/pages\/3556\/revisions"}],"predecessor-version":[{"id":3706,"href":"https:\/\/www.baustark-stahlbauhaus.de\/lan_de\/wp-json\/wp\/v2\/pages\/3556\/revisions\/3706"}],"wp:attachment":[{"href":"https:\/\/www.baustark-stahlbauhaus.de\/lan_de\/wp-json\/wp\/v2\/media?parent=3556"}],"curies":[{"name":"wp","href":"https:\/\/api.w.org\/{rel}","templated":true}]}}