{"id":3455,"date":"2018-08-03T10:24:41","date_gmt":"2018-08-03T10:24:41","guid":{"rendered":"https:\/\/baustark-stahlbauhaus.de\/?page_id=3455"},"modified":"2020-11-28T08:40:36","modified_gmt":"2020-11-28T08:40:36","slug":"wohnbau-investment","status":"publish","type":"page","link":"https:\/\/www.baustark-stahlbauhaus.de\/lan_de\/wir-bauen\/wohnbau-investment\/","title":{"rendered":"Wohnbau Investment"},"content":{"rendered":"<h3>\u00dcber 20 Jahre Erfahrung<\/h3>\n<p>Die Vorz\u00fcge der industriell vorgefertigten Stahl-Leichtbauweise f\u00fcr den Objekt- und Gewerbebau liegen auf der Hand. Passgenaue Vorfertigung ergibt exakte Resultate. Computerunterst\u00fctze Planung f\u00fchrt zu exakter Ausf\u00fchrung. In Time, in Budget.<\/p>\n<h3>Bis 6+1 Etagen \u00fcber Grund<\/h3>\n<p>Die Leistungsf\u00e4higkeit des Materials ist konkurrenzlos. Die Statik erlaubt weit mehr als tats\u00e4chlich ben\u00f6tigt wird. In Punkto Brand- &amp; Schallschutz ist der Werkstoff ein wahrer Probleml\u00f6ser. Anforderungen aus Bauphysik, Brandschutz, Statik und Baurecht werden allesamt erf\u00fcllt, teils bei weitem \u00fcbertroffen.<\/p>\n<h3>Alle f\u00fcr Einen, Einer f\u00fcr Alles<\/h3>\n<p>Die BAUSTARK STAHLBAUHAUS \u00fcbernimmt als Generalunternehmer die komplett schl\u00fcsselfertige Ausf\u00fchrung mehrgeschossiger Wohn-, Objekt- und Gewerbebauten. Die produktive Koordination von Konstruktion und Geb\u00e4udetechnik erm\u00f6glicht die \u00f6konomische Optimierung und einen rapiden Bauablauf.<\/p>\n<h3>Fixe Terminierung und fixer Preis<\/h3>\n<p>Die mit der industriellen Vorfertigung der Stahlprofile einhergehende hohe Qualit\u00e4t bei gleichzeitig rapiden Rohbauzeiten sind Alleinstellungsmerkmale im Wettbewerb und weder von der konventionellen Bauweise noch der Holzst\u00e4nderbauweise darstellbar. Die Montage vor Ort erfolgt in Rekordzeit \u2013 noch schneller wird es in naher Zukunft nach Inbetriebnahme unseres ersten Vorfertigungswerkes in Deutschland gehen k\u00f6nnen. Unsere Firmenphilosophie ist es unsere Kunden am preislichen Vorteil teilhaben zu lassen. Wir erwarten uns davon Treue Kunden.<\/p>\n<h3>100% Nachhaltig, 100% Recycelbar<\/h3>\n<p>Bauvorschriften erfordern Umweltfreundlichkeit, Sparsamkeit und Effizienz. Bei der Erstellung, der Nutzung, dem R\u00fcckbau und auch der Entsorgung eines Bauwerks sorgen \u00f6kologische Gesichtspunkte f\u00fcr die laufende Versch\u00e4rfung der geltenden Normen. Ein weiterer Punkt der f\u00fcr den Stahl-Leichtbau steht \u2013 weil 100% Nachhaltig, da 100%ig Recycelbar und 100% Trennbar.<\/p>","protected":false},"excerpt":{"rendered":"<p>\u00dcber 20 Jahre Erfahrung Die Vorz\u00fcge der industriell vorgefertigten Stahl-Leichtbauweise f\u00fcr den Objekt- und Gewerbebau liegen auf der Hand. Passgenaue Vorfertigung ergibt exakte Resultate. Computerunterst\u00fctze Planung f\u00fchrt zu exakter Ausf\u00fchrung. In Time, in Budget. Bis 6+1 Etagen \u00fcber Grund Die [&hellip;]<\/p>","protected":false},"author":1,"featured_media":0,"parent":3550,"menu_order":0,"comment_status":"closed","ping_status":"closed","template":"houselists.php","meta":{"footnotes":""},"class_list":["post-3455","page","type-page","status-publish","hentry"],"_links":{"self":[{"href":"https:\/\/www.baustark-stahlbauhaus.de\/lan_de\/wp-json\/wp\/v2\/pages\/3455","targetHints":{"allow":["GET"]}}],"collection":[{"href":"https:\/\/www.baustark-stahlbauhaus.de\/lan_de\/wp-json\/wp\/v2\/pages"}],"about":[{"href":"https:\/\/www.baustark-stahlbauhaus.de\/lan_de\/wp-json\/wp\/v2\/types\/page"}],"author":[{"embeddable":true,"href":"https:\/\/www.baustark-stahlbauhaus.de\/lan_de\/wp-json\/wp\/v2\/users\/1"}],"replies":[{"embeddable":true,"href":"https:\/\/www.baustark-stahlbauhaus.de\/lan_de\/wp-json\/wp\/v2\/comments?post=3455"}],"version-history":[{"count":4,"href":"https:\/\/www.baustark-stahlbauhaus.de\/lan_de\/wp-json\/wp\/v2\/pages\/3455\/revisions"}],"predecessor-version":[{"id":3899,"href":"https:\/\/www.baustark-stahlbauhaus.de\/lan_de\/wp-json\/wp\/v2\/pages\/3455\/revisions\/3899"}],"up":[{"embeddable":true,"href":"https:\/\/www.baustark-stahlbauhaus.de\/lan_de\/wp-json\/wp\/v2\/pages\/3550"}],"wp:attachment":[{"href":"https:\/\/www.baustark-stahlbauhaus.de\/lan_de\/wp-json\/wp\/v2\/media?parent=3455"}],"curies":[{"name":"wp","href":"https:\/\/api.w.org\/{rel}","templated":true}]}}