{"id":3441,"date":"2018-08-03T08:00:40","date_gmt":"2018-08-03T08:00:40","guid":{"rendered":"https:\/\/baustark-stahlbauhaus.de\/?page_id=3441"},"modified":"2020-11-28T08:02:32","modified_gmt":"2020-11-28T08:02:32","slug":"eigenheim","status":"publish","type":"page","link":"https:\/\/www.baustark-stahlbauhaus.de\/lan_de\/wir-bauen\/eigenheim\/","title":{"rendered":"EIGENHEIM"},"content":{"rendered":"<p>Schl\u00fcsselfertige H\u00e4user bauen mit BAUSTARK STAHLBAUHAUS<\/p>\n<p>Vielf\u00e4ltige Hauskonzepte aus Profihand individuell f\u00fcr Sie.<\/p>\n<p>Egal ob schl\u00fcsselfertige\u00a0<u>Einfamilienh\u00e4user<\/u>,\u00a0<u>Bungalows<\/u>\u00a0oder\u00a0<u>Stadtvillen<\/u>, BAUSTARK STAHLBAUHAUS l\u00e4sst alle H\u00e4usertr\u00e4ume Wirklichkeit werden. Ein schl\u00fcsselfertiges Haus zu bauen geh\u00f6rt zu den gro\u00dfen Meilensteinen f\u00fcr die ganze Familie, denn sie schaffen sich damit ein Eigenheim zum Wohlf\u00fchlen, das nach M\u00f6glichkeit alle W\u00fcnsche nach\u00a0<u>individueller Planung und Ausf\u00fchrung<\/u>\u00a0beinhalten sollte. Der Vorteil an den vielf\u00e4ltigen BAUSTARK STAHLBAUHAUS Baukonzepten und Haustypen ist der, dass sich alle Grundmodelle problemlos erweitern lassen.<\/p>\n<p>Lassen Sie sich von unseren Ideen inspirieren \u2013 Wir konzipieren Ihr Wunschhaus gemeinsam mit Ihnen.<\/p>\n<p>Schl\u00fcsselfertige und energiesparende H\u00e4user<\/p>\n<p>Ein besonderes Augenmerk kommt dabei dem Bereich des Energiesparens zu. Die schl\u00fcsselfertigen\u00a0<u>BAUSTARK STAHLBAUHAUS<\/u> helfen k\u00fcnftigen Hausbesitzern nicht nur, Kosten f\u00fcr Strom und W\u00e4rme einzusparen, sie schonen dabei auch nachhaltig die Umwelt. Kein Wunder, dass die Zukunft des Hausbaus in diesem Segment eng verwurzelt ist.<\/p>\n<p>In Nierstein entstehen im Herbst\u00a04 <u>energieautarke Einfamilienh\u00e4user<\/u>\u00a0und in Mainz entstehen aktuell 3 <u>energiespar Reihenh\u00e4user<\/u>.<\/p>","protected":false},"excerpt":{"rendered":"<p>Schl\u00fcsselfertige H\u00e4user bauen mit BAUSTARK STAHLBAUHAUS Vielf\u00e4ltige Hauskonzepte aus Profihand individuell f\u00fcr Sie. Egal ob schl\u00fcsselfertige\u00a0Einfamilienh\u00e4user,\u00a0Bungalows\u00a0oder\u00a0Stadtvillen, BAUSTARK STAHLBAUHAUS l\u00e4sst alle H\u00e4usertr\u00e4ume Wirklichkeit werden. Ein schl\u00fcsselfertiges Haus zu bauen geh\u00f6rt zu den gro\u00dfen Meilensteinen f\u00fcr die ganze Familie, denn sie schaffen [&hellip;]<\/p>","protected":false},"author":1,"featured_media":0,"parent":3550,"menu_order":0,"comment_status":"closed","ping_status":"closed","template":"houselists.php","meta":{"footnotes":""},"class_list":["post-3441","page","type-page","status-publish","hentry"],"_links":{"self":[{"href":"https:\/\/www.baustark-stahlbauhaus.de\/lan_de\/wp-json\/wp\/v2\/pages\/3441","targetHints":{"allow":["GET"]}}],"collection":[{"href":"https:\/\/www.baustark-stahlbauhaus.de\/lan_de\/wp-json\/wp\/v2\/pages"}],"about":[{"href":"https:\/\/www.baustark-stahlbauhaus.de\/lan_de\/wp-json\/wp\/v2\/types\/page"}],"author":[{"embeddable":true,"href":"https:\/\/www.baustark-stahlbauhaus.de\/lan_de\/wp-json\/wp\/v2\/users\/1"}],"replies":[{"embeddable":true,"href":"https:\/\/www.baustark-stahlbauhaus.de\/lan_de\/wp-json\/wp\/v2\/comments?post=3441"}],"version-history":[{"count":9,"href":"https:\/\/www.baustark-stahlbauhaus.de\/lan_de\/wp-json\/wp\/v2\/pages\/3441\/revisions"}],"predecessor-version":[{"id":4077,"href":"https:\/\/www.baustark-stahlbauhaus.de\/lan_de\/wp-json\/wp\/v2\/pages\/3441\/revisions\/4077"}],"up":[{"embeddable":true,"href":"https:\/\/www.baustark-stahlbauhaus.de\/lan_de\/wp-json\/wp\/v2\/pages\/3550"}],"wp:attachment":[{"href":"https:\/\/www.baustark-stahlbauhaus.de\/lan_de\/wp-json\/wp\/v2\/media?parent=3441"}],"curies":[{"name":"wp","href":"https:\/\/api.w.org\/{rel}","templated":true}]}}