{"id":3441,"date":"2018-08-03T08:00:40","date_gmt":"2018-08-03T08:00:40","guid":{"rendered":"https:\/\/baustark-stahlbauhaus.de\/?page_id=3441"},"modified":"2020-11-28T08:02:32","modified_gmt":"2020-11-28T08:02:32","slug":"eigenheim","status":"publish","type":"page","link":"https:\/\/www.baustark-stahlbauhaus.de\/en\/wir-bauen\/eigenheim\/","title":{"rendered":"OWN HOME"},"content":{"rendered":"<p>Build turnkey houses with BUILDING STRONG STAHLBAUHAUS<\/p>\n<p>Diverse house concepts from professionals individually for you.<\/p>\n<p>No matter if turnkey\u00a0<u>Single family homes<\/u>,\u00a0<u>Bungalows<\/u>\u00a0or\u00a0<u>City villas<\/u>, STRONG STAHLBAUHAUS makes all house dreams come true. Building a turnkey house is one of the big milestones for the whole family, because you create a home of your own that makes you feel good, which, if possible, meets all your wishes\u00a0<u>individueller Planung und Ausf\u00fchrung<\/u>\u00a0should include. The advantage of the diverse STRONG STAHLBAUHAUS building concepts and house types is that all basic models can be easily expanded.<\/p>\n<p>Let yourself be inspired by our ideas - we will design your dream home together with you.<\/p>\n<p>Turnkey and energy saving houses<\/p>\n<p>Particular attention is paid to the area of energy saving. The turnkey\u00a0<u>STRONG STEEL BUILDING HOUSE<\/u> Not only do they help future homeowners to save electricity and heat costs, they also sustainably protect the environment. No wonder that the future of house building is deeply rooted in this segment.<\/p>\n<p>In Nierstein, the 4th <u>energy self-sufficient single-family houses<\/u>\u00a0and in Mainz 3 <u>energy-saving terraced houses<\/u>.<\/p>","protected":false},"excerpt":{"rendered":"<p>Schl\u00fcsselfertige H\u00e4user bauen mit BAUSTARK STAHLBAUHAUS Vielf\u00e4ltige Hauskonzepte aus Profihand individuell f\u00fcr Sie. Egal ob schl\u00fcsselfertige\u00a0Einfamilienh\u00e4user,\u00a0Bungalows\u00a0oder\u00a0Stadtvillen, BAUSTARK STAHLBAUHAUS l\u00e4sst alle H\u00e4usertr\u00e4ume Wirklichkeit werden. Ein schl\u00fcsselfertiges Haus zu bauen geh\u00f6rt zu den gro\u00dfen Meilensteinen f\u00fcr die ganze Familie, denn sie schaffen [&hellip;]<\/p>","protected":false},"author":1,"featured_media":0,"parent":3550,"menu_order":0,"comment_status":"closed","ping_status":"closed","template":"houselists.php","meta":{"footnotes":""},"class_list":["post-3441","page","type-page","status-publish","hentry"],"_links":{"self":[{"href":"https:\/\/www.baustark-stahlbauhaus.de\/en\/wp-json\/wp\/v2\/pages\/3441","targetHints":{"allow":["GET"]}}],"collection":[{"href":"https:\/\/www.baustark-stahlbauhaus.de\/en\/wp-json\/wp\/v2\/pages"}],"about":[{"href":"https:\/\/www.baustark-stahlbauhaus.de\/en\/wp-json\/wp\/v2\/types\/page"}],"author":[{"embeddable":true,"href":"https:\/\/www.baustark-stahlbauhaus.de\/en\/wp-json\/wp\/v2\/users\/1"}],"replies":[{"embeddable":true,"href":"https:\/\/www.baustark-stahlbauhaus.de\/en\/wp-json\/wp\/v2\/comments?post=3441"}],"version-history":[{"count":9,"href":"https:\/\/www.baustark-stahlbauhaus.de\/en\/wp-json\/wp\/v2\/pages\/3441\/revisions"}],"predecessor-version":[{"id":4077,"href":"https:\/\/www.baustark-stahlbauhaus.de\/en\/wp-json\/wp\/v2\/pages\/3441\/revisions\/4077"}],"up":[{"embeddable":true,"href":"https:\/\/www.baustark-stahlbauhaus.de\/en\/wp-json\/wp\/v2\/pages\/3550"}],"wp:attachment":[{"href":"https:\/\/www.baustark-stahlbauhaus.de\/en\/wp-json\/wp\/v2\/media?parent=3441"}],"curies":[{"name":"wp","href":"https:\/\/api.w.org\/{rel}","templated":true}]}}